{"id":2,"date":"2018-06-05T12:45:29","date_gmt":"2018-06-05T10:45:29","guid":{"rendered":"http:\/\/bistrostjean.fr\/?page_id=2"},"modified":"2025-12-03T18:33:26","modified_gmt":"2025-12-03T17:33:26","slug":"page-d-exemple","status":"publish","type":"page","link":"https:\/\/bistrostjean.fr\/","title":{"rendered":"Bistro St Jean, Bar le Duc"},"content":{"rendered":"\n\n\n\n\n<div class=\"wp-block-group\"><div class=\"wp-block-group__inner-container is-layout-constrained wp-block-group-is-layout-constrained\"><div class=\"wp-block-image is-style-rounded\">\n<figure class=\"aligncenter size-full is-resized\"><img loading=\"lazy\" decoding=\"async\" width=\"720\" height=\"960\" src=\"https:\/\/bistrostjean.fr\/wp-content\/uploads\/2023\/01\/6.png\" alt=\"\" class=\"wp-image-1298\" style=\"width:255px;height:340px\" srcset=\"https:\/\/bistrostjean.fr\/wp-content\/uploads\/2023\/01\/6.png 720w, https:\/\/bistrostjean.fr\/wp-content\/uploads\/2023\/01\/6-225x300.png 225w\" sizes=\"auto, (max-width: 720px) 100vw, 720px\" \/><\/figure>\n<\/div>\n\n\n<div class=\"wp-block-columns is-layout-flex wp-container-core-columns-is-layout-9d6595d7 wp-block-columns-is-layout-flex\">\n<div class=\"wp-block-column is-layout-flow wp-block-column-is-layout-flow\" style=\"flex-basis:100%\">\n<p><span style=\"color: #808080;\">Le Chef, Jean-Christophe Cordel a cr\u00e9\u00e9 son restaurant en 1998 apr\u00e8s avoir pass\u00e9 chez les Chefs,<br><\/span><span style=\"color: #808080;\"><em> Messieurs Jacques Maximin, Guy Savoy, Bernard Loiseau &amp; Alain Ducasse,<\/em><br>et vous propose une cuisine du march\u00e9 avec un menu \u00e0 3 Entr\u00e9es, 3 Plats &amp; 3 Desserts, le tout <\/span><span style=\"color: #808080;\">dans un cadre chaleureux &amp; confortable.<\/span><\/p>\n<h2>&nbsp;<\/h2>\n<\/div>\n<\/div>\n<\/div><\/div>\n\n\n\n<blockquote class=\"wp-block-quote is-layout-flow wp-block-quote-is-layout-flow\">\n<h3 class=\"wp-block-heading\"><strong>L&rsquo;avis du Guide Michelin<\/strong><\/h3>\n\n\n\n<div class=\"wp-block-group\"><div class=\"wp-block-group__inner-container is-layout-constrained wp-block-group-is-layout-constrained\">\n<h6 class=\"wp-block-heading\">***<\/h6>\n\n\n\n\n\n<p><em>Cette ancienne \u00e9picerie est devenue un bistrot contemporain plein de saveurs et de couleurs, pile dans la tendance. Le patron, fils de p\u00e2tissier, r\u00e9alise une cuisine du march\u00e9 soign\u00e9e, et dans l&rsquo;air du temps, renouvel\u00e9e au quotidien, comme avec cette poitrine de cochon confite et son jus de braisage aux petits oignons. Et toujours : le respect des produits. Service efficace et discret.<br><strong>2025. Les Inspecteurs du guide Michelin<\/strong><\/em><br><a href=\"https:\/\/guide.michelin.com\/en\/grand-est\/bar-le-duc\/restaurant\/bistro-st-jean\">https:\/\/guide.michelin.com\/en\/grand-est\/bar-le-duc\/restaurant\/bistro-st-jean<\/a><em><br><\/em><\/p>\n\n\n\n<p><\/p>\n\n\n\n<h6 class=\"wp-block-heading\"><\/h6>\n\n\n\n<h6 class=\"wp-block-heading\" id=\"block-484bbeed-3d96-474d-9d0e-6c6c02598edd\"><\/h6>\n\n\n\n<h6 class=\"wp-block-heading\" id=\"block-7a5f2781-37ab-4fb7-bcc0-ad0bcf8af26d\"><\/h6>\n\n\n\n<h6 class=\"wp-block-heading\"><\/h6>\n\n\n\n<h3 class=\"wp-block-heading\"><strong>L&rsquo;avis de Gault&amp;Millau<\/strong><br>***<\/h3>\n\n\n\n<div class=\"reviewContent\">\n<div id=\"establishment-review\" class=\"row\">\n<div class=\"col-lg-12\">\n<div id=\"reviewContent\" class=\"chapo\"><em><span style=\"color: initial;\"><span class=\"descriptionReview\" data-components--layout--readmore-target=\"content\">Les bonnes adresses \u00e0 Bar le Duc ne sont pas l\u00e9gion, \u00e0 son niveau, Jean Christophe Cordel fait cavalier seul. Son \u00ab\u00a0bistrot\u00a0\u00bb est depuis vingt-cinq ans l&rsquo;une des meilleures adresses de la pr\u00e9fecture, faisant un menu du march\u00e9 sans concurrence, des plats gastronomiques compress\u00e9s dans une formule \u00e0 46\u20ac. Le Chef revisite sa carte au fil des saisons, proposant des versions toujours convaincantes, un \u0153uf parfait 64\u00b0C aux fruits de mer et jus de bouillabaisse, un dos de sandre \u00e9tuv\u00e9, petits l\u00e9gumes et \u00e9mulsion, un filet de b\u0153uf saignant avec une cr\u00e8me de morilles et pleurotes, un croustillant pralin\u00e9, chocolat, ganache et cr\u00e8me anglaise. Cave bourguignonne<\/span><\/span><\/em><\/div>\n<div class=\"chapo\"><em><strong>2025-2026. Les Inspecteurs du Guide Gault&amp;Millau : 13.5\/20 &#8211; 2 toques<br><\/strong><\/em>https:\/\/fr.gaultmillau.com\/restaurants\/bistro-saint-jean<em><strong><br><\/strong><\/em><\/div>\n<\/div>\n<\/div>\n<\/div>\n\n\n\n<h4 class=\"wp-block-heading\"><\/h4>\n\n\n\n<h3 class=\"wp-block-heading\"><strong>L&rsquo;avis du Petit Fut\u00e9 2025<br><\/strong>***<\/h3>\n\n\n\n<h4 class=\"wp-block-heading\"><\/h4>\n\n\n\n<p><em>La d\u00e9coration color\u00e9e et \u00e9l\u00e9gante invite \u00e0 une cuisine surprenante, visuelle et exigeante. C&rsquo;est le cas ici o\u00f9 le chef Jean-Christophe Cordel, ancien de chez Ducasse et Savoy, pr\u00e9sente des plats raffin\u00e9s, distingu\u00e9s et gourmands. Sa cuisine est cr\u00e9ative et innovante. Remarqu\u00e9 et distingu\u00e9 par de grands guides gastronomiques nationaux, il a re\u00e7u le prix jeune talent 2009&nbsp;pour la r\u00e9gion Lorraine du guide Gault &amp; Millau. C&rsquo;est presque une d\u00e9marche artistique que de r\u00e9server une table dans ce lieu pour d\u00e9couvrir ces plats uniques.<br><\/em><a href=\"_wp_link_placeholder\" data-wplink-edit=\"true\">https:\/\/www.petitfute.com\/v21189-bar-le-duc-55000\/c1165-restaurants\/c4-cuisine-francaise\/339300-le-bistro-saint-jean.html<\/a><em><br><\/em><\/p>\n\n\n\n<p><br><\/p>\n\n\n\n<h4 class=\"wp-block-heading\"><\/h4>\n<\/div><\/div>\n\n\n\n<h6 class=\"wp-block-heading\"><em><span style=\"font-size: 12pt;\"><\/span><\/em><\/h6>\n\n\n\n<div class=\"field field--name-field-paragraphe field--type-entity-reference-revisions field--label-hidden field--items\">\n<div class=\"field--item odd\">\n<div id=\"paragraph--15125\" class=\"paragraph paragraph--type--texte-style-chapeau paragraph--field-count--1 paragraph--view-mode--default\">\n<div class=\"field field--name-field-texte field--type-text-long field--label-hidden field--item\">\n<h3 class=\"reviewTitle\"><strong>L&rsquo;avis du Bottin Gourmand<br>***<\/strong><\/h3>\n<p><em>Dans le centre-ville de Bar-le-Duc, une ancienne \u00e9picerie devient le Bistrot Saint-Jean, un gastro\/brasserie\/bistrot aux couleurs modernes et \u00e0 la cuisine responsable.<\/em><\/p>\n<p><em>Le Chef, Jean-Christophe Cordel issu d&rsquo;une famille de p\u00e2tissier-chocolatier et pass\u00e9 par l&rsquo;\u00e9cole Ducasse, propose dans ce bistrot de ville, une cuisine simplement bonne. Les plats r\u00e9pondent \u00e0 toutes les envies, le foie gras et la pi\u00e8ce de boeuf font partie des classiques de cette maison qui a pignon sur rue. La r\u00e8gle d&rsquo;or : le respect des produits. Carte des vins courte mais attractive<\/em>.<br><a href=\"_wp_link_placeholder\" data-wplink-edit=\"true\">https:\/\/www.bottingourmand.com\/adresses\/BistroSaintJean<\/a><\/p>\n<h6>&nbsp;<\/h6>\n<\/div>\n<\/div>\n<\/div>\n<\/div>\n\n\n\n<h4 class=\"wp-block-heading\"><\/h4>\n<\/blockquote>\n\n\n\n<figure class=\"wp-block-gallery has-nested-images columns-default is-cropped wp-block-gallery-1 is-layout-flex wp-block-gallery-is-layout-flex\"><\/figure>\n\n\n\n<p><\/p>\n\n\n\n\n<div class=\"wp-block-image\">\n<figure class=\"aligncenter size-full is-resized\"><img loading=\"lazy\" decoding=\"async\" width=\"768\" height=\"960\" src=\"https:\/\/bistrostjean.fr\/wp-content\/uploads\/2022\/09\/290600783_6051523988196534_6956248305507625931_n.jpg\" alt=\"\" class=\"wp-image-1241\" style=\"width:257px;height:321px\" srcset=\"https:\/\/bistrostjean.fr\/wp-content\/uploads\/2022\/09\/290600783_6051523988196534_6956248305507625931_n.jpg 768w, https:\/\/bistrostjean.fr\/wp-content\/uploads\/2022\/09\/290600783_6051523988196534_6956248305507625931_n-240x300.jpg 240w\" sizes=\"auto, (max-width: 768px) 100vw, 768px\" \/><\/figure>\n<\/div>\n\n\n<figure class=\"wp-block-gallery has-nested-images columns-default is-cropped wp-block-gallery-2 is-layout-flex wp-block-gallery-is-layout-flex\"><\/figure>\n\n\n<div class=\"wp-block-image\">\n<figure class=\"aligncenter size-full is-resized\"><img loading=\"lazy\" decoding=\"async\" width=\"652\" height=\"249\" src=\"https:\/\/bistrostjean.fr\/wp-content\/uploads\/2025\/12\/BLOC_2_TOQUES_NOTATION_GM_Jaune.png\" alt=\"\" class=\"wp-image-1471\" style=\"width:225px;height:auto\" srcset=\"https:\/\/bistrostjean.fr\/wp-content\/uploads\/2025\/12\/BLOC_2_TOQUES_NOTATION_GM_Jaune.png 652w, https:\/\/bistrostjean.fr\/wp-content\/uploads\/2025\/12\/BLOC_2_TOQUES_NOTATION_GM_Jaune-300x115.png 300w\" sizes=\"auto, (max-width: 652px) 100vw, 652px\" \/><\/figure>\n<\/div>\n\n\n\n<div class=\"wp-block-image\">\n<figure class=\"aligncenter size-large is-resized\"><img loading=\"lazy\" decoding=\"async\" width=\"1024\" height=\"1024\" src=\"https:\/\/bistrostjean.fr\/wp-content\/uploads\/2025\/12\/MICHELIN-2025_Selected_E-label-1-1024x1024.png\" alt=\"\" class=\"wp-image-1472\" style=\"width:194px;height:auto\" srcset=\"https:\/\/bistrostjean.fr\/wp-content\/uploads\/2025\/12\/MICHELIN-2025_Selected_E-label-1-1024x1024.png 1024w, https:\/\/bistrostjean.fr\/wp-content\/uploads\/2025\/12\/MICHELIN-2025_Selected_E-label-1-300x300.png 300w, https:\/\/bistrostjean.fr\/wp-content\/uploads\/2025\/12\/MICHELIN-2025_Selected_E-label-1-150x150.png 150w, https:\/\/bistrostjean.fr\/wp-content\/uploads\/2025\/12\/MICHELIN-2025_Selected_E-label-1-768x768.png 768w, https:\/\/bistrostjean.fr\/wp-content\/uploads\/2025\/12\/MICHELIN-2025_Selected_E-label-1-1536x1536.png 1536w, https:\/\/bistrostjean.fr\/wp-content\/uploads\/2025\/12\/MICHELIN-2025_Selected_E-label-1-2048x2048.png 2048w\" sizes=\"auto, (max-width: 1024px) 100vw, 1024px\" \/><\/figure>\n<\/div>\n\n","protected":false},"excerpt":{"rendered":"<p>Le Chef, Jean-Christophe Cordel a cr\u00e9\u00e9 son restaurant en 1998 apr\u00e8s avoir pass\u00e9 chez les Chefs, Messieurs Jacques Maximin, Guy Savoy, Bernard Loiseau &amp; Alain Ducasse,et vous propose une cuisine&#8230; <a class=\"read-more\" href=\"https:\/\/bistrostjean.fr\/\">Read more<\/a><\/p>\n","protected":false},"author":1,"featured_media":1241,"parent":0,"menu_order":0,"comment_status":"closed","ping_status":"open","template":"","meta":{"ngg_post_thumbnail":0,"footnotes":""},"class_list":["post-2","page","type-page","status-publish","has-post-thumbnail","hentry"],"_links":{"self":[{"href":"https:\/\/bistrostjean.fr\/index.php?rest_route=\/wp\/v2\/pages\/2","targetHints":{"allow":["GET"]}}],"collection":[{"href":"https:\/\/bistrostjean.fr\/index.php?rest_route=\/wp\/v2\/pages"}],"about":[{"href":"https:\/\/bistrostjean.fr\/index.php?rest_route=\/wp\/v2\/types\/page"}],"author":[{"embeddable":true,"href":"https:\/\/bistrostjean.fr\/index.php?rest_route=\/wp\/v2\/users\/1"}],"replies":[{"embeddable":true,"href":"https:\/\/bistrostjean.fr\/index.php?rest_route=%2Fwp%2Fv2%2Fcomments&post=2"}],"version-history":[{"count":76,"href":"https:\/\/bistrostjean.fr\/index.php?rest_route=\/wp\/v2\/pages\/2\/revisions"}],"predecessor-version":[{"id":1474,"href":"https:\/\/bistrostjean.fr\/index.php?rest_route=\/wp\/v2\/pages\/2\/revisions\/1474"}],"wp:featuredmedia":[{"embeddable":true,"href":"https:\/\/bistrostjean.fr\/index.php?rest_route=\/wp\/v2\/media\/1241"}],"wp:attachment":[{"href":"https:\/\/bistrostjean.fr\/index.php?rest_route=%2Fwp%2Fv2%2Fmedia&parent=2"}],"curies":[{"name":"wp","href":"https:\/\/api.w.org\/{rel}","templated":true}]}}