{"id":524,"date":"2018-07-13T21:54:33","date_gmt":"2018-07-13T19:54:33","guid":{"rendered":"http:\/\/bistrostjean.fr\/?page_id=524"},"modified":"2026-02-19T08:42:54","modified_gmt":"2026-02-19T07:42:54","slug":"524-2","status":"publish","type":"page","link":"https:\/\/bistrostjean.fr\/?page_id=524","title":{"rendered":"Id\u00e9e cadeau &amp; Carte des Boissons"},"content":{"rendered":"\n\n\n\n\n<h5 class=\"wp-block-heading has-text-align-center\">Carte Cadeau<\/h5>\n\n\n<hr>\n<h3 style=\"text-align: center;\"><span style=\"color: #333333; font-size: 12pt;\"><strong>Faites plaisir \u00e0 votre famille, \u00e0 vos amis,<br \/><\/strong><\/span><span style=\"color: #333333; font-size: 12pt;\"><strong>&nbsp;offrez leur un bon gourmand. <\/strong><\/span><\/h3>\n<hr>\n<p><img loading=\"lazy\" decoding=\"async\" class=\"aligncenter wp-image-518 size-full\" src=\"http:\/\/bistrostjean.fr\/wp-content\/uploads\/2018\/07\/bon-gourmand.png\" alt=\"\" width=\"772\" height=\"409\" srcset=\"https:\/\/bistrostjean.fr\/wp-content\/uploads\/2018\/07\/bon-gourmand.png 772w, https:\/\/bistrostjean.fr\/wp-content\/uploads\/2018\/07\/bon-gourmand-300x159.png 300w, https:\/\/bistrostjean.fr\/wp-content\/uploads\/2018\/07\/bon-gourmand-768x407.png 768w\" sizes=\"auto, (max-width: 772px) 100vw, 772px\" \/><\/p>\n<hr>\n<p>&nbsp;<\/p>\n\n\n<h5 class=\"wp-block-heading has-text-align-center\">Carte des vins<\/h5>\n\n\n\n<h5 class=\"wp-block-heading has-text-align-center\"><em><strong>(sous r\u00e9serve de disponibilit\u00e9)<\/strong><\/em><\/h5>\n\n\n\n\n\n<div data-wp-interactive=\"core\/file\" class=\"wp-block-file\"><object data-wp-bind--hidden=\"!state.hasPdfPreview\" hidden class=\"wp-block-file__embed\" data=\"https:\/\/bistrostjean.fr\/wp-content\/uploads\/2025\/12\/CARTE-BOISSONS-VINS.pdf\" type=\"application\/pdf\" style=\"width:100%;height:600px\" aria-label=\"Contenu embarqu\u00e9 CARTE BOISSONS-VINS.\"><\/object><a id=\"wp-block-file--media-c02d36b5-ac64-4cc2-8ded-308eeb84b22d\" href=\"https:\/\/bistrostjean.fr\/wp-content\/uploads\/2025\/12\/CARTE-BOISSONS-VINS.pdf\">CARTE BOISSONS-VINS<\/a><a href=\"https:\/\/bistrostjean.fr\/wp-content\/uploads\/2025\/12\/CARTE-BOISSONS-VINS.pdf\" class=\"wp-block-file__button wp-element-button\" download aria-describedby=\"wp-block-file--media-c02d36b5-ac64-4cc2-8ded-308eeb84b22d\">T\u00e9l\u00e9charger<\/a><\/div>\n\n\n\n<h2 class=\"wp-block-heading\">Vacances<\/h2>\n\n\n\n<h2 style=\"text-align: center;\"><span style=\"color: #333399;\">Le restaurant sera exceptionnellement ferm\u00e9 <\/span><\/h2>\n<h2 style=\"text-align: center;\"><span style=\"color: #333399;\">le samedi 28 f\u00e9vrier et le dimanche 1er mars 2026<\/span><\/h2>\n<p>&nbsp;<\/p>\n\n\n","protected":false},"excerpt":{"rendered":"<p>Carte Cadeau Faites plaisir \u00e0 votre famille, \u00e0 vos amis,&nbsp;offrez leur un bon gourmand. &nbsp; Carte des vins (sous r\u00e9serve de disponibilit\u00e9) Vacances Le restaurant sera exceptionnellement ferm\u00e9 le samedi&#8230; <a class=\"read-more\" href=\"https:\/\/bistrostjean.fr\/?page_id=524\">Read more<\/a><\/p>\n","protected":false},"author":1,"featured_media":0,"parent":0,"menu_order":0,"comment_status":"closed","ping_status":"closed","template":"","meta":{"ngg_post_thumbnail":0,"footnotes":""},"class_list":["post-524","page","type-page","status-publish","hentry"],"_links":{"self":[{"href":"https:\/\/bistrostjean.fr\/index.php?rest_route=\/wp\/v2\/pages\/524","targetHints":{"allow":["GET"]}}],"collection":[{"href":"https:\/\/bistrostjean.fr\/index.php?rest_route=\/wp\/v2\/pages"}],"about":[{"href":"https:\/\/bistrostjean.fr\/index.php?rest_route=\/wp\/v2\/types\/page"}],"author":[{"embeddable":true,"href":"https:\/\/bistrostjean.fr\/index.php?rest_route=\/wp\/v2\/users\/1"}],"replies":[{"embeddable":true,"href":"https:\/\/bistrostjean.fr\/index.php?rest_route=%2Fwp%2Fv2%2Fcomments&post=524"}],"version-history":[{"count":27,"href":"https:\/\/bistrostjean.fr\/index.php?rest_route=\/wp\/v2\/pages\/524\/revisions"}],"predecessor-version":[{"id":1489,"href":"https:\/\/bistrostjean.fr\/index.php?rest_route=\/wp\/v2\/pages\/524\/revisions\/1489"}],"wp:attachment":[{"href":"https:\/\/bistrostjean.fr\/index.php?rest_route=%2Fwp%2Fv2%2Fmedia&parent=524"}],"curies":[{"name":"wp","href":"https:\/\/api.w.org\/{rel}","templated":true}]}}